{"id":4094,"date":"2024-09-14T13:24:59","date_gmt":"2024-09-14T07:24:59","guid":{"rendered":"https:\/\/mymentalcamp.com\/impressum-rechtliche-hinweise\/"},"modified":"2026-04-18T04:31:57","modified_gmt":"2026-04-17T22:31:57","slug":"impressum-rechtliche-hinweise","status":"publish","type":"page","link":"https:\/\/mymentalcamp.com\/de\/impressum-rechtliche-hinweise\/","title":{"rendered":"Impressum \/ Rechtliche Hinweise"},"content":{"rendered":"\n<p><strong>Impressum \/ Rechtliche Hinweise<\/strong><\/p>\n\n<p><strong>Letzte Aktualisierung: 26. Dezember 2025<\/strong><\/p>\n\n<hr class=\"wp-block-separator has-alpha-channel-opacity\"\/>\n\n<h3 class=\"wp-block-heading\">Firmeninformationen<\/h3>\n\n<p>MyMentalCamp LLC<\/p>\n\n<p>Eingetragene Adresse:<br\/>MyMentalCamp LLC<br\/>30 N Gould St, Ste R<br\/>Sheridan, WY 82801<br\/>Vereinigte Staaten<\/p>\n\n<p class=\"has-theme-palette-3-color has-text-color has-link-color wp-elements-ddf5984f85c2da1a90d5b99c222e3c69\">E-Mail: Info@mymentalcamp.com<\/p>\n\n<p class=\"has-theme-palette-3-color has-text-color has-link-color wp-elements-8b13966a672a7f3f69e5c75bbb73a38d\">Webseite: <a href=\"https:\/\/mymentalcamp.com\/de\/\">https:\/\/mymentalcamp.com<\/a><\/p>\n\n<hr class=\"wp-block-separator has-alpha-channel-opacity\"\/>\n\n<h3 class=\"wp-block-heading\">Rechtsform &amp; Gerichtsstand<\/h3>\n\n<p>Gesellschaft mit beschr\u00e4nkter Haftung (LLC)<br\/>Eingetragen im Bundesstaat Wyoming, Vereinigte Staaten<\/p>\n\n<hr class=\"wp-block-separator has-alpha-channel-opacity\"\/>\n\n<h3 class=\"wp-block-heading\">Verantwortlich f\u00fcr den Inhalt<\/h3>\n\n<p>MyMentalCamp LLC<\/p>\n\n<hr class=\"wp-block-separator has-alpha-channel-opacity\"\/>\n\n<h3 class=\"wp-block-heading\">Leistungsumfang<\/h3>\n\n<p>MyMentalCamp LLC bietet digitale Dienstleistungen an, einschlie\u00dflich, aber nicht beschr\u00e4nkt auf:<br\/>Online-Kurse, Coaching-Programme, digitale Produkte, Community-Plattformen, Bildungsinhalte und zugeh\u00f6rige Materialien.<\/p>\n\n<hr class=\"wp-block-separator has-alpha-channel-opacity\"\/>\n\n<h3 class=\"wp-block-heading\">Zahlungsabwicklung<\/h3>\n\n<p>Zahlungen werden je nach Produkt oder Dienstleistung \u00fcber die folgenden Anbieter abgewickelt:<\/p>\n\n<ul class=\"wp-block-list\">\n<li><strong>Digistore24 GmbH<\/strong><br\/>St.-Godehard-Stra\u00dfe 32<br\/>31139 Hildesheim, Deutschland<br\/>Datenschutzbestimmungen: <a href=\"https:\/\/www.digistore24.com\/legal\/privacy\" target=\"_blank\" rel=\"noopener\">https:\/\/www.digistore24.com\/legal\/privacy<\/a><\/li>\n\n\n\n<li><strong>Stripe Payments Europe, Ltd.<\/strong><br\/>1 Grand Canal Street Lower<br\/>Grand Canal Dock<br\/>Dublin, Irland<br\/>Datenschutzbestimmungen: <a href=\"https:\/\/stripe.com\/privacy\" target=\"_blank\" rel=\"noopener\">https:\/\/stripe.com\/privacy<\/a><\/li>\n<\/ul>\n\n<hr class=\"wp-block-separator has-alpha-channel-opacity\"\/>\n\n<h3 class=\"wp-block-heading\">Haftung f\u00fcr Inhalte<\/h3>\n\n<p>Wir sind stets bem\u00fcht, die Inhalte unserer Website korrekt und aktuell zu halten.<br\/>Wir \u00fcbernehmen jedoch keine Garantie f\u00fcr die Vollst\u00e4ndigkeit, Richtigkeit oder Aktualit\u00e4t der bereitgestellten Informationen.<\/p>\n\n<p>Als Diensteanbieter sind wir gem\u00e4\u00df den geltenden Gesetzen f\u00fcr unsere eigenen Inhalte auf diesen Seiten verantwortlich.<br\/>Wir sind nicht verpflichtet, \u00fcbermittelte oder gespeicherte Informationen Dritter zu \u00fcberwachen.<br\/>Bei Bekanntwerden von Rechtsverletzungen werden wir diese Inhalte umgehend entfernen.<\/p>\n\n<hr class=\"wp-block-separator has-alpha-channel-opacity\"\/>\n\n<h3 class=\"wp-block-heading\">Haftung f\u00fcr Links<\/h3>\n\n<p>Diese Website enth\u00e4lt Links zu externen Websites Dritter.<br\/>Wir haben keinen Einfluss auf den Inhalt dieser Websites und k\u00f6nnen daher keine Haftung f\u00fcr deren Inhalt \u00fcbernehmen.<\/p>\n\n<p>Zum Zeitpunkt der Verlinkung waren keine Rechtsverst\u00f6\u00dfe erkennbar.<br\/>Wenn wir Kenntnis von Rechtsverletzungen erlangen, werden wir diese Links umgehend entfernen.<\/p>\n\n<hr class=\"wp-block-separator has-alpha-channel-opacity\"\/>\n\n<h3 class=\"wp-block-heading\">Urheberrecht<\/h3>\n\n<p>Alle Inhalte auf dieser Website, einschlie\u00dflich Texte, Bilder, Grafiken, Illustrationen, Videos und Designs,<br\/>unterliegen dem Urheberrecht und den Gesetzen zum Schutz geistigen Eigentums.<\/p>\n\n<p>Jede Vervielf\u00e4ltigung, \u00c4nderung, Verbreitung oder Nutzung, die \u00fcber die Grenzen des Urheberrechts hinausgeht,<br\/>bedarf der vorherigen schriftlichen Zustimmung von MyMentalCamp LLC.<\/p>\n\n<p>Inhalte Dritter sind als solche gekennzeichnet.<\/p>\n\n<hr class=\"wp-block-separator has-alpha-channel-opacity\"\/>\n\n<h3 class=\"wp-block-heading\">Streitbeilegung (EU)<\/h3>\n\n<p>Die Europ\u00e4ische Kommission stellt eine Plattform zur Online-Streitbeilegung (OS) bereit:<br\/><a href=\"https:\/\/ec.europa.eu\/consumers\/odr\" target=\"_blank\" rel=\"noopener\">https:\/\/ec.europa.eu\/consumers\/odr<\/a><\/p>\n\n<p>Wir sind nicht bereit oder verpflichtet, an Streitbeilegungsverfahren<br\/>vor einer Verbraucherschlichtungsstelle teilzunehmen.<\/p>\n\n<hr class=\"wp-block-separator has-alpha-channel-opacity\"\/>\n\n<h3 class=\"wp-block-heading\">Geltendes Recht<\/h3>\n\n<p>Sofern nicht zwingende Verbraucherschutzgesetze etwas anderes vorschreiben,<br\/>gelten die Gesetze der Vereinigten Staaten.<\/p>\n\n<hr class=\"wp-block-separator has-alpha-channel-opacity\"\/>\n\n<h3 class=\"wp-block-heading\">Kontakt<\/h3>\n\n<p class=\"has-theme-palette-3-color has-text-color has-link-color wp-elements-b876ecfca0828dc2ea8b5ca485be7f2b\">F\u00fcr rechtliche oder allgemeine Anfragen kontaktieren Sie bitte:<br\/>\ud83d\udce7 <a href=\"mailto:info@mymentalcamp.com\">info@mymentalcamp.com<\/a><\/p>\n","protected":false},"excerpt":{"rendered":"<p>Impressum \/ Rechtliche Hinweise Letzte Aktualisierung: 26. Dezember 2025 Firmeninformationen MyMentalCamp LLC Eingetragene Adresse:MyMentalCamp LLC30 N Gould St, Ste RSheridan, WY 82801Vereinigte Staaten E-Mail: Info@mymentalcamp.com Webseite: https:\/\/mymentalcamp.com Rechtsform &amp; Gerichtsstand Gesellschaft mit beschr\u00e4nkter Haftung (LLC)Eingetragen im Bundesstaat Wyoming, Vereinigte Staaten Verantwortlich f\u00fcr den Inhalt MyMentalCamp LLC Leistungsumfang MyMentalCamp LLC bietet digitale Dienstleistungen an, einschlie\u00dflich, aber&#8230;<\/p>\n","protected":false},"author":1,"featured_media":0,"parent":0,"menu_order":0,"comment_status":"closed","ping_status":"closed","template":"","meta":{"_kad_blocks_custom_css":"","_kad_blocks_head_custom_js":"","_kad_blocks_body_custom_js":"","_kad_blocks_footer_custom_js":"","_kad_post_transparent":"","_kad_post_title":"","_kad_post_layout":"","_kad_post_sidebar_id":"","_kad_post_content_style":"","_kad_post_vertical_padding":"","_kad_post_feature":"","_kad_post_feature_position":"","_kad_post_header":false,"_kad_post_footer":false,"_kad_post_classname":"","footnotes":""},"class_list":["post-4094","page","type-page","status-publish","hentry"],"taxonomy_info":[],"featured_image_src_large":false,"author_info":{"display_name":"mymentalcamp","author_link":"https:\/\/mymentalcamp.com\/de\/author\/mymentalcamp\/"},"comment_info":0,"_links":{"self":[{"href":"https:\/\/mymentalcamp.com\/de\/wp-json\/wp\/v2\/pages\/4094","targetHints":{"allow":["GET"]}}],"collection":[{"href":"https:\/\/mymentalcamp.com\/de\/wp-json\/wp\/v2\/pages"}],"about":[{"href":"https:\/\/mymentalcamp.com\/de\/wp-json\/wp\/v2\/types\/page"}],"author":[{"embeddable":true,"href":"https:\/\/mymentalcamp.com\/de\/wp-json\/wp\/v2\/users\/1"}],"replies":[{"embeddable":true,"href":"https:\/\/mymentalcamp.com\/de\/wp-json\/wp\/v2\/comments?post=4094"}],"version-history":[{"count":2,"href":"https:\/\/mymentalcamp.com\/de\/wp-json\/wp\/v2\/pages\/4094\/revisions"}],"predecessor-version":[{"id":4116,"href":"https:\/\/mymentalcamp.com\/de\/wp-json\/wp\/v2\/pages\/4094\/revisions\/4116"}],"wp:attachment":[{"href":"https:\/\/mymentalcamp.com\/de\/wp-json\/wp\/v2\/media?parent=4094"}],"curies":[{"name":"wp","href":"https:\/\/api.w.org\/{rel}","templated":true}]}}