{"id":4036,"date":"2021-02-17T17:13:10","date_gmt":"2021-02-17T11:13:10","guid":{"rendered":"https:\/\/mymentalcamp.com\/contacto\/"},"modified":"2025-12-28T09:55:03","modified_gmt":"2025-12-28T03:55:03","slug":"contacto","status":"publish","type":"page","link":"https:\/\/mymentalcamp.com\/es\/contacto\/","title":{"rendered":"Contacto"},"content":{"rendered":"\n<p><strong>Contacto<\/strong><\/p>\n\n<p>\u00bfTiene alguna pregunta, comentario o solicitud espec\u00edfica?<br\/>Nos encantar\u00eda saber de usted.<\/p>\n\n<p>Utilice el siguiente formulario para ponerse en contacto con el equipo de MyMentalCamp.<br\/>Normalmente respondemos en un plazo de tiempo razonable: sin bots, sin ruido.<\/p>\n\n<p><strong>Aviso sobre la protecci\u00f3n de datos:<\/strong><br\/>Su mensaje se utilizar\u00e1 exclusivamente para procesar su consulta.<br\/>Encontrar\u00e1 m\u00e1s detalles en nuestra<br\/>\ud83d\udc49 [Pol\u00edtica de privacidad]<\/p>\n\n<p>Si su solicitud se refiere a cuestiones de protecci\u00f3n de datos, tambi\u00e9n puede ponerse en contacto con nosotros directamente en:<br\/>\ud83d\udce7 <a href=\"mailto:info@mymentalcamp.com\">info@mymentalcamp.com<\/a><\/p>\n<div class=\"\"><div class='_form_1'><\/div><script type='text\/javascript' src='https:\/\/mymentalcamp81208.activehosted.com\/f\/embed.php?static=0&id=1&69E7B64A09C69&nostyles=0&preview=0'><\/script><\/div>","protected":false},"excerpt":{"rendered":"<p>Contacto \u00bfTiene alguna pregunta, comentario o solicitud espec\u00edfica?Nos encantar\u00eda saber de usted. Utilice el siguiente formulario para ponerse en contacto con el equipo de MyMentalCamp.Normalmente respondemos en un plazo de tiempo razonable: sin bots, sin ruido. Aviso sobre la protecci\u00f3n de datos:Su mensaje se utilizar\u00e1 exclusivamente para procesar su consulta.Encontrar\u00e1 m\u00e1s detalles en nuestra\ud83d\udc49 [Pol\u00edtica&#8230;<\/p>\n","protected":false},"author":1,"featured_media":0,"parent":0,"menu_order":0,"comment_status":"closed","ping_status":"closed","template":"","meta":{"_kad_blocks_custom_css":"","_kad_blocks_head_custom_js":"","_kad_blocks_body_custom_js":"","_kad_blocks_footer_custom_js":"","_kad_post_transparent":"","_kad_post_title":"","_kad_post_layout":"","_kad_post_sidebar_id":"","_kad_post_content_style":"","_kad_post_vertical_padding":"","_kad_post_feature":"","_kad_post_feature_position":"","_kad_post_header":false,"_kad_post_footer":false,"_kad_post_classname":"","footnotes":""},"class_list":["post-4036","page","type-page","status-publish","hentry"],"taxonomy_info":[],"featured_image_src_large":false,"author_info":{"display_name":"mymentalcamp","author_link":"https:\/\/mymentalcamp.com\/es\/author\/mymentalcamp\/"},"comment_info":0,"_links":{"self":[{"href":"https:\/\/mymentalcamp.com\/es\/wp-json\/wp\/v2\/pages\/4036","targetHints":{"allow":["GET"]}}],"collection":[{"href":"https:\/\/mymentalcamp.com\/es\/wp-json\/wp\/v2\/pages"}],"about":[{"href":"https:\/\/mymentalcamp.com\/es\/wp-json\/wp\/v2\/types\/page"}],"author":[{"embeddable":true,"href":"https:\/\/mymentalcamp.com\/es\/wp-json\/wp\/v2\/users\/1"}],"replies":[{"embeddable":true,"href":"https:\/\/mymentalcamp.com\/es\/wp-json\/wp\/v2\/comments?post=4036"}],"version-history":[{"count":0,"href":"https:\/\/mymentalcamp.com\/es\/wp-json\/wp\/v2\/pages\/4036\/revisions"}],"wp:attachment":[{"href":"https:\/\/mymentalcamp.com\/es\/wp-json\/wp\/v2\/media?parent=4036"}],"curies":[{"name":"wp","href":"https:\/\/api.w.org\/{rel}","templated":true}]}}